{"id":7,"date":"2024-01-09T01:28:53","date_gmt":"2024-01-09T01:28:53","guid":{"rendered":"https:\/\/repensando.cl\/?page_id=7"},"modified":"2024-01-09T15:21:29","modified_gmt":"2024-01-09T15:21:29","slug":"home","status":"publish","type":"page","link":"https:\/\/repensando.cl\/","title":{"rendered":"Home"},"content":{"rendered":"\n<div class=\"wp-block-cover alignfull is-light\" style=\"min-height:100vh;aspect-ratio:unset;\"><span aria-hidden=\"true\" class=\"wp-block-cover__background has-background-dim-20 has-background-dim\"><\/span><video class=\"wp-block-cover__video-background intrinsic-ignore\" autoplay muted loop playsinline src=\"http:\/\/demo.wpzoom.com\/inspiro-lite\/files\/2022\/03\/Pexels-Videos-1409899-1.mp4\" data-object-fit=\"cover\"><\/video><div class=\"wp-block-cover__inner-container has-global-padding is-layout-constrained wp-block-cover-is-layout-constrained\">\n<p class=\"has-text-align-center has-white-color has-text-color has-max-48-font-size\" style=\"font-style:normal;font-weight:900;line-height:1.2\"><strong>Estrategia<\/strong><\/p>\n\n\n\n<p class=\"has-text-align-center has-white-color has-text-color has-max-48-font-size\" style=\"font-style:normal;font-weight:900;line-height:1.2\"><strong> Comunicaci\u00f3n <\/strong><\/p>\n\n\n\n<p class=\"has-text-align-center has-white-color has-text-color has-max-48-font-size\" style=\"font-style:normal;font-weight:900;line-height:1.2\"><strong><strong>Sustentabilidad <\/strong><\/strong><\/p>\n\n\n\n<p class=\"has-text-align-center has-white-color has-text-color has-medium-font-size\">Consultor\u00eda estrat\u00e9gica para un desarrollo sostenible.<\/p>\n\n\n\n<div style=\"height:55px\" aria-hidden=\"true\" class=\"wp-block-spacer\"><\/div>\n<\/div><\/div>\n\n\n\n<div class=\"wp-block-group has-global-padding is-layout-constrained wp-block-group-is-layout-constrained\">\n<div style=\"height:57px\" aria-hidden=\"true\" class=\"wp-block-spacer\"><\/div>\n\n\n\n<h2 class=\"wp-block-heading has-text-align-center has-medium-font-size\" style=\"letter-spacing:1px\">CONSULTOR\u00cdA ESTRAT\u00c9GICA PARA UN DESARROLLO SOSTENIBLE<\/h2>\n\n\n\n<p class=\"has-text-align-center\">Somos un grupo de asesores con vasta experiencia en Estrategia, Econom\u00eda Circular, Sustentabilidad, Comunicaci\u00f3n Estrat\u00e9gica, Ley REP y Sistemas de Gesti\u00f3n.<\/p>\n\n\n\n<div style=\"height:57px\" aria-hidden=\"true\" class=\"wp-block-spacer\"><\/div>\n<\/div>\n\n\n\n<div class=\"wp-block-group alignfull pattern_multiple_covers has-background has-global-padding is-layout-constrained wp-block-group-is-layout-constrained\" id=\"services\" style=\"background-color:#f8f8f8\">\n<div style=\"height:84px\" aria-hidden=\"true\" class=\"wp-block-spacer\"><\/div>\n\n\n\n<p class=\"has-text-align-left has-secondary-color has-text-color\" style=\"letter-spacing:1px\">TRABAJEMOS JUNTOS!<\/p>\n\n\n\n<h2 class=\"wp-block-heading has-text-align-left\">Nuestros Servicios<\/h2>\n\n\n\n<p class=\"has-text-align-left\">Nuestros servicios est\u00e1n dise\u00f1ados para repensar tu negocio incorporando la mirada de la sostenibilidad y el triple impacto.<\/p>\n\n\n\n<div style=\"height:46px\" aria-hidden=\"true\" class=\"wp-block-spacer\"><\/div>\n\n\n\n<div class=\"wp-block-columns is-layout-flex wp-container-core-columns-is-layout-28f84493 wp-block-columns-is-layout-flex\">\n<div class=\"wp-block-column is-layout-flow wp-block-column-is-layout-flow\" style=\"padding-top:0;padding-right:0;padding-bottom:0;padding-left:0\">\n<div class=\"wp-block-cover has-custom-content-position is-position-bottom-left\" style=\"padding-top:var(--wp--preset--spacing--small);padding-right:var(--wp--preset--spacing--x-small);padding-bottom:var(--wp--preset--spacing--small);padding-left:var(--wp--preset--spacing--x-small)\"><span aria-hidden=\"true\" class=\"wp-block-cover__background has-primary-background-color has-background-dim-70 has-background-dim\"><\/span><img loading=\"lazy\" decoding=\"async\" width=\"1200\" height=\"630\" class=\"wp-block-cover__image-background wp-image-35\" alt=\"\" src=\"https:\/\/repensando.cl\/wp-content\/uploads\/2024\/01\/ES.jpg\" data-object-fit=\"cover\" srcset=\"https:\/\/repensando.cl\/wp-content\/uploads\/2024\/01\/ES.jpg 1200w, https:\/\/repensando.cl\/wp-content\/uploads\/2024\/01\/ES-300x158.jpg 300w, https:\/\/repensando.cl\/wp-content\/uploads\/2024\/01\/ES-1024x538.jpg 1024w\" sizes=\"auto, (max-width: 1200px) 100vw, 1200px\" \/><div class=\"wp-block-cover__inner-container is-layout-flow wp-block-cover-is-layout-flow\">\n<h3 class=\"wp-block-heading has-white-color has-text-color has-medium-font-size\" style=\"margin-top:0;margin-right:0;margin-bottom:0;margin-left:0\">Estrategia de Sustentabilidad<\/h3>\n\n\n\n<p class=\"has-secondary-color has-text-color has-link-color wp-elements-ca221136eef2e374d3760bbb71935818\" style=\"margin-top:0;margin-right:0;margin-bottom:0;margin-left:0\"><a href=\"#https:\/\/repensando.cl\/?page_id=57(abre en una nueva pesta\u00f1a)\">Ver \u2192<\/a><\/p>\n<\/div><\/div>\n<\/div>\n\n\n\n<div class=\"wp-block-column is-layout-flow wp-block-column-is-layout-flow\" style=\"padding-top:0;padding-right:0;padding-bottom:0;padding-left:0\">\n<div class=\"wp-block-cover has-custom-content-position is-position-bottom-left\" style=\"padding-top:var(--wp--preset--spacing--small);padding-right:var(--wp--preset--spacing--x-small);padding-bottom:var(--wp--preset--spacing--small);padding-left:var(--wp--preset--spacing--x-small)\"><span aria-hidden=\"true\" class=\"wp-block-cover__background has-primary-background-color has-background-dim-70 has-background-dim\"><\/span><img loading=\"lazy\" decoding=\"async\" width=\"1200\" height=\"800\" class=\"wp-block-cover__image-background wp-image-36\" alt=\"\" src=\"https:\/\/repensando.cl\/wp-content\/uploads\/2024\/01\/comun-estrate.png\" data-object-fit=\"cover\" srcset=\"https:\/\/repensando.cl\/wp-content\/uploads\/2024\/01\/comun-estrate.png 1200w, https:\/\/repensando.cl\/wp-content\/uploads\/2024\/01\/comun-estrate-300x200.png 300w, https:\/\/repensando.cl\/wp-content\/uploads\/2024\/01\/comun-estrate-1024x683.png 1024w\" sizes=\"auto, (max-width: 1200px) 100vw, 1200px\" \/><div class=\"wp-block-cover__inner-container is-layout-flow wp-block-cover-is-layout-flow\">\n<h3 class=\"wp-block-heading has-white-color has-text-color has-medium-font-size\" style=\"margin-top:0;margin-right:0;margin-bottom:0;margin-left:0\">Comunicaci\u00f3n estrat\u00e9gica<\/h3>\n\n\n\n<p class=\"has-secondary-color has-text-color has-link-color wp-elements-aa1f18f02fe5ef45eb7e24027f327b5a\" style=\"margin-top:0;margin-right:0;margin-bottom:0;margin-left:0\"><a href=\"#\">Ver \u2192<\/a><\/p>\n<\/div><\/div>\n<\/div>\n\n\n\n<div class=\"wp-block-column is-layout-flow wp-block-column-is-layout-flow\" style=\"padding-top:0;padding-right:0;padding-bottom:0;padding-left:0\">\n<div class=\"wp-block-cover has-custom-content-position is-position-bottom-left\" style=\"padding-top:var(--wp--preset--spacing--small);padding-right:var(--wp--preset--spacing--x-small);padding-bottom:var(--wp--preset--spacing--small);padding-left:var(--wp--preset--spacing--x-small)\"><span aria-hidden=\"true\" class=\"wp-block-cover__background has-primary-background-color has-background-dim-70 has-background-dim\"><\/span><img loading=\"lazy\" decoding=\"async\" width=\"800\" height=\"640\" class=\"wp-block-cover__image-background wp-image-37\" alt=\"\" src=\"https:\/\/repensando.cl\/wp-content\/uploads\/2024\/01\/REP.jpg\" data-object-fit=\"cover\" srcset=\"https:\/\/repensando.cl\/wp-content\/uploads\/2024\/01\/REP.jpg 800w, https:\/\/repensando.cl\/wp-content\/uploads\/2024\/01\/REP-300x240.jpg 300w\" sizes=\"auto, (max-width: 800px) 100vw, 800px\" \/><div class=\"wp-block-cover__inner-container is-layout-flow wp-block-cover-is-layout-flow\">\n<h3 class=\"wp-block-heading has-white-color has-text-color has-medium-font-size\" style=\"margin-top:0;margin-right:0;margin-bottom:0;margin-left:0\">Ley REP y Reciclaje<\/h3>\n\n\n\n<p class=\"has-secondary-color has-text-color has-link-color wp-elements-aa1f18f02fe5ef45eb7e24027f327b5a\" style=\"margin-top:0;margin-right:0;margin-bottom:0;margin-left:0\"><a href=\"#\">Ver \u2192<\/a><\/p>\n<\/div><\/div>\n<\/div>\n<\/div>\n\n\n\n<div style=\"height:103px\" aria-hidden=\"true\" class=\"wp-block-spacer\"><\/div>\n<\/div>\n\n\n\n<div id=\"partners\" class=\"wp-block-group has-global-padding is-content-justification-center is-layout-constrained wp-container-core-group-is-layout-dc06fb1d wp-block-group-is-layout-constrained\">\n<div class=\"wp-block-group has-global-padding is-content-justification-left is-layout-constrained wp-container-core-group-is-layout-5d29898d wp-block-group-is-layout-constrained\" style=\"padding-top:0px;padding-right:0;padding-bottom:var(--wp--preset--spacing--small);padding-left:0\">\n<div class=\"wp-block-columns is-layout-flex wp-container-core-columns-is-layout-28f84493 wp-block-columns-is-layout-flex\">\n<div class=\"wp-block-column is-layout-flow wp-block-column-is-layout-flow\" style=\"flex-basis:60%\">\n<div style=\"height:20px\" aria-hidden=\"true\" class=\"wp-block-spacer\"><\/div>\n\n\n\n<p class=\"has-secondary-color has-text-color\">TRABAJAMOS EN RED<\/p>\n\n\n\n<h2 class=\"wp-block-heading has-text-align-left\">Partners estrat\u00e9gicos<\/h2>\n\n\n\n<div style=\"height:20px\" aria-hidden=\"true\" class=\"wp-block-spacer\"><\/div>\n\n\n\n<p class=\"has-text-align-left has-tertiary-color has-text-color\">Trabajamos en colaboraci\u00f3n con diferentes partners consultores dependiendo del expertice requerido<\/p>\n<\/div>\n<\/div>\n<\/div>\n\n\n\n<div class=\"wp-block-group has-global-padding is-layout-constrained wp-block-group-is-layout-constrained\">\n<div class=\"wp-block-columns are-vertically-aligned-center is-layout-flex wp-container-core-columns-is-layout-28f84493 wp-block-columns-is-layout-flex\">\n<div class=\"wp-block-column is-vertically-aligned-center is-layout-flow wp-block-column-is-layout-flow\" style=\"flex-basis:20%\">\n<figure class=\"wp-block-image size-full\"><a href=\"https:\/\/viableab.cl\/\"><img loading=\"lazy\" decoding=\"async\" width=\"282\" height=\"82\" src=\"https:\/\/repensando.cl\/wp-content\/uploads\/2024\/01\/Viable-1.png\" alt=\"\" class=\"wp-image-29\"\/><\/a><\/figure>\n<\/div>\n\n\n\n<div class=\"wp-block-column is-vertically-aligned-center is-layout-flow wp-block-column-is-layout-flow\" style=\"flex-basis:20%\">\n<figure class=\"wp-block-image size-full\"><a href=\"https:\/\/www.idearia.cl\/\"><img loading=\"lazy\" decoding=\"async\" width=\"250\" height=\"92\" src=\"https:\/\/repensando.cl\/wp-content\/uploads\/2024\/01\/Idearia-1.png\" alt=\"\" class=\"wp-image-30\"\/><\/a><\/figure>\n<\/div>\n\n\n\n<div class=\"wp-block-column is-vertically-aligned-center is-layout-flow wp-block-column-is-layout-flow\" style=\"flex-basis:20%\">\n<figure class=\"wp-block-image size-full\"><a href=\"https:\/\/www.agenciacircular.cl\/\"><img loading=\"lazy\" decoding=\"async\" width=\"204\" height=\"82\" src=\"https:\/\/repensando.cl\/wp-content\/uploads\/2024\/01\/agencia-circular.png\" alt=\"\" class=\"wp-image-31\"\/><\/a><\/figure>\n<\/div>\n\n\n\n<div class=\"wp-block-column is-vertically-aligned-center is-layout-flow wp-block-column-is-layout-flow\" style=\"flex-basis:20%\"><\/div>\n\n\n\n<div class=\"wp-block-column is-vertically-aligned-center is-layout-flow wp-block-column-is-layout-flow\" style=\"flex-basis:20%\"><\/div>\n<\/div>\n<\/div>\n<\/div>\n\n\n\n<div id=\"team\" class=\"wp-block-group has-global-padding is-layout-constrained wp-block-group-is-layout-constrained\">\n<div class=\"wp-block-group is-layout-flow wp-block-group-is-layout-flow\">\n<div style=\"height:74px\" aria-hidden=\"true\" class=\"wp-block-spacer\"><\/div>\n\n\n\n<p class=\"has-secondary-color has-text-color has-link-color wp-elements-b82f28d995464ef0021d6873781d12fc\">CON\u00d3CENOS<\/p>\n\n\n\n<h2 class=\"wp-block-heading\"><\/h2>\n\n\n\n<div style=\"height:27px\" aria-hidden=\"true\" class=\"wp-block-spacer\"><\/div>\n\n\n\n<div style=\"height:0px\" aria-hidden=\"true\" class=\"wp-block-spacer\"><\/div>\n\n\n\n<div class=\"wp-block-columns is-layout-flex wp-container-core-columns-is-layout-28f84493 wp-block-columns-is-layout-flex\">\n<div class=\"wp-block-column is-style-default is-layout-flow wp-block-column-is-layout-flow\" style=\"border-style:none;border-width:0px;padding-top:0;padding-right:0;padding-bottom:0;padding-left:0\">\n<figure class=\"wp-block-image size-large is-style-default\"><img loading=\"lazy\" decoding=\"async\" width=\"683\" height=\"1024\" src=\"https:\/\/repensando.cl\/wp-content\/uploads\/2024\/01\/Fotos-Corporativas-ReSimple-36-683x1024.jpg\" alt=\"\" class=\"wp-image-24\" srcset=\"https:\/\/repensando.cl\/wp-content\/uploads\/2024\/01\/Fotos-Corporativas-ReSimple-36-683x1024.jpg 683w, https:\/\/repensando.cl\/wp-content\/uploads\/2024\/01\/Fotos-Corporativas-ReSimple-36-200x300.jpg 200w, https:\/\/repensando.cl\/wp-content\/uploads\/2024\/01\/Fotos-Corporativas-ReSimple-36-2000x3000.jpg 2000w, https:\/\/repensando.cl\/wp-content\/uploads\/2024\/01\/Fotos-Corporativas-ReSimple-36-scaled.jpg 1707w\" sizes=\"auto, (max-width: 683px) 100vw, 683px\" \/><\/figure>\n\n\n\n<h3 class=\"wp-block-heading\">Isidro Pereda<\/h3>\n\n\n\n<p class=\"has-tertiary-color has-text-color has-link-color wp-elements-158d44a8b3a6907696a4e26e4b9e46ed\">Socio<\/p>\n\n\n\n<p>Magister en Sustentabilidad e Ingeniero Industrial PUC con 20 a\u00f1os de experiencia laboral en packaging, Ley REP (Responsabilidad Extendida del Productor), econom\u00eda circular, asesor\u00edas a empresas reguladas, Sistema de Gesti\u00f3n y tarificaci\u00f3n y c\u00e1lculo de ecotasas.<\/p>\n\n\n\n<ul class=\"wp-block-social-links has-icon-color is-style-logos-only is-layout-flex wp-container-core-social-links-is-layout-327fadc6 wp-block-social-links-is-layout-flex\"><li style=\"color:currentColor;\" class=\"wp-social-link wp-social-link-instagram has-primary-color wp-block-social-link\"><a href=\"mailto:&#105;si&#100;r&#111;&#064;&#114;epe&#110;san&#100;&#111;&#046;&#099;l\" class=\"wp-block-social-link-anchor\"><svg width=\"24\" height=\"24\" viewBox=\"0 0 24 24\" version=\"1.1\" xmlns=\"http:\/\/www.w3.org\/2000\/svg\" aria-hidden=\"true\" focusable=\"false\"><path d=\"M12,4.622c2.403,0,2.688,0.009,3.637,0.052c0.877,0.04,1.354,0.187,1.671,0.31c0.42,0.163,0.72,0.358,1.035,0.673 c0.315,0.315,0.51,0.615,0.673,1.035c0.123,0.317,0.27,0.794,0.31,1.671c0.043,0.949,0.052,1.234,0.052,3.637 s-0.009,2.688-0.052,3.637c-0.04,0.877-0.187,1.354-0.31,1.671c-0.163,0.42-0.358,0.72-0.673,1.035 c-0.315,0.315-0.615,0.51-1.035,0.673c-0.317,0.123-0.794,0.27-1.671,0.31c-0.949,0.043-1.233,0.052-3.637,0.052 s-2.688-0.009-3.637-0.052c-0.877-0.04-1.354-0.187-1.671-0.31c-0.42-0.163-0.72-0.358-1.035-0.673 c-0.315-0.315-0.51-0.615-0.673-1.035c-0.123-0.317-0.27-0.794-0.31-1.671C4.631,14.688,4.622,14.403,4.622,12 s0.009-2.688,0.052-3.637c0.04-0.877,0.187-1.354,0.31-1.671c0.163-0.42,0.358-0.72,0.673-1.035 c0.315-0.315,0.615-0.51,1.035-0.673c0.317-0.123,0.794-0.27,1.671-0.31C9.312,4.631,9.597,4.622,12,4.622 M12,3 C9.556,3,9.249,3.01,8.289,3.054C7.331,3.098,6.677,3.25,6.105,3.472C5.513,3.702,5.011,4.01,4.511,4.511 c-0.5,0.5-0.808,1.002-1.038,1.594C3.25,6.677,3.098,7.331,3.054,8.289C3.01,9.249,3,9.556,3,12c0,2.444,0.01,2.751,0.054,3.711 c0.044,0.958,0.196,1.612,0.418,2.185c0.23,0.592,0.538,1.094,1.038,1.594c0.5,0.5,1.002,0.808,1.594,1.038 c0.572,0.222,1.227,0.375,2.185,0.418C9.249,20.99,9.556,21,12,21s2.751-0.01,3.711-0.054c0.958-0.044,1.612-0.196,2.185-0.418 c0.592-0.23,1.094-0.538,1.594-1.038c0.5-0.5,0.808-1.002,1.038-1.594c0.222-0.572,0.375-1.227,0.418-2.185 C20.99,14.751,21,14.444,21,12s-0.01-2.751-0.054-3.711c-0.044-0.958-0.196-1.612-0.418-2.185c-0.23-0.592-0.538-1.094-1.038-1.594 c-0.5-0.5-1.002-0.808-1.594-1.038c-0.572-0.222-1.227-0.375-2.185-0.418C14.751,3.01,14.444,3,12,3L12,3z M12,7.378 c-2.552,0-4.622,2.069-4.622,4.622S9.448,16.622,12,16.622s4.622-2.069,4.622-4.622S14.552,7.378,12,7.378z M12,15 c-1.657,0-3-1.343-3-3s1.343-3,3-3s3,1.343,3,3S13.657,15,12,15z M16.804,6.116c-0.596,0-1.08,0.484-1.08,1.08 s0.484,1.08,1.08,1.08c0.596,0,1.08-0.484,1.08-1.08S17.401,6.116,16.804,6.116z\"><\/path><\/svg><span class=\"wp-block-social-link-label screen-reader-text\">Instagram<\/span><\/a><\/li>\n\n<li style=\"color:currentColor;\" class=\"wp-social-link wp-social-link-linkedin has-primary-color wp-block-social-link\"><a href=\"\" class=\"wp-block-social-link-anchor\"><svg width=\"24\" height=\"24\" viewBox=\"0 0 24 24\" version=\"1.1\" xmlns=\"http:\/\/www.w3.org\/2000\/svg\" aria-hidden=\"true\" focusable=\"false\"><path d=\"M19.7,3H4.3C3.582,3,3,3.582,3,4.3v15.4C3,20.418,3.582,21,4.3,21h15.4c0.718,0,1.3-0.582,1.3-1.3V4.3 C21,3.582,20.418,3,19.7,3z M8.339,18.338H5.667v-8.59h2.672V18.338z M7.004,8.574c-0.857,0-1.549-0.694-1.549-1.548 c0-0.855,0.691-1.548,1.549-1.548c0.854,0,1.547,0.694,1.547,1.548C8.551,7.881,7.858,8.574,7.004,8.574z M18.339,18.338h-2.669 v-4.177c0-0.996-0.017-2.278-1.387-2.278c-1.389,0-1.601,1.086-1.601,2.206v4.249h-2.667v-8.59h2.559v1.174h0.037 c0.356-0.675,1.227-1.387,2.526-1.387c2.703,0,3.203,1.779,3.203,4.092V18.338z\"><\/path><\/svg><span class=\"wp-block-social-link-label screen-reader-text\">LinkedIn<\/span><\/a><\/li><\/ul>\n<\/div>\n\n\n\n<div class=\"wp-block-column is-style-default is-layout-flow wp-block-column-is-layout-flow\" style=\"border-style:none;border-width:0px;padding-top:0;padding-right:0;padding-bottom:0;padding-left:0\"><\/div>\n<\/div>\n<\/div>\n<\/div>\n\n\n\n<div id=\"news\" class=\"wp-block-group has-global-padding is-layout-constrained wp-block-group-is-layout-constrained\">\n<h2 class=\"wp-block-heading has-text-align-left\">Cont\u00e1ctanos<\/h2>\n\n\n\n<p class=\"has-tertiary-color has-text-color has-link-color wp-elements-6c36afcd246fd1f3e70090ece46776dd\">info@repensando.cl | +569 53 730455<\/p>\n\n\n\n<p class=\"has-tertiary-color has-text-color has-link-color wp-elements-ccda3d2af8c7153f8695f42f2bdbbbe4\">Santiago &#8211; Chile<\/p>\n\n\n\n<div class=\"wp-block-query is-layout-flow wp-block-query-is-layout-flow\"><\/div>\n\n\n\n<div style=\"height:85px\" aria-hidden=\"true\" class=\"wp-block-spacer\"><\/div>\n<\/div>\n","protected":false},"excerpt":{"rendered":"<p>CONSULTOR\u00cdA ESTRAT\u00c9GICA PARA UN DESARROLLO SOSTENIBLE Somos un grupo de asesores con vasta experiencia en Estrategia, Econom\u00eda Circular, Sustentabilidad, Comunicaci\u00f3n Estrat\u00e9gica, Ley REP y Sistemas de Gesti\u00f3n. TRABAJEMOS JUNTOS! Nuestros Servicios Nuestros servicios est\u00e1n dise\u00f1ados para repensar tu negocio incorporando la mirada de la sostenibilidad y el triple impacto. TRABAJAMOS EN RED Partners estrat\u00e9gicos Trabajamos &hellip; <\/p>\n<p class=\"link-more\"><a href=\"https:\/\/repensando.cl\/\" class=\"more-link\">Leer m\u00e1s<span class=\"screen-reader-text\"> \u00abHome\u00bb<\/span><\/a><\/p>\n","protected":false},"author":1,"featured_media":0,"parent":0,"menu_order":0,"comment_status":"closed","ping_status":"closed","template":"","meta":{"footnotes":""},"class_list":["post-7","page","type-page","status-publish","hentry"],"yoast_head":"<!-- This site is optimized with the Yoast SEO plugin v24.6 - https:\/\/yoast.com\/wordpress\/plugins\/seo\/ -->\n<title>Home - Repensando<\/title>\n<meta name=\"robots\" content=\"index, follow, max-snippet:-1, max-image-preview:large, max-video-preview:-1\" \/>\n<link rel=\"canonical\" href=\"https:\/\/repensando.cl\/\" \/>\n<meta property=\"og:locale\" content=\"es_ES\" \/>\n<meta property=\"og:type\" content=\"article\" \/>\n<meta property=\"og:title\" content=\"Home - Repensando\" \/>\n<meta property=\"og:description\" content=\"CONSULTOR\u00cdA ESTRAT\u00c9GICA PARA UN DESARROLLO SOSTENIBLE Somos un grupo de asesores con vasta experiencia en Estrategia, Econom\u00eda Circular, Sustentabilidad, Comunicaci\u00f3n Estrat\u00e9gica, Ley REP y Sistemas de Gesti\u00f3n. TRABAJEMOS JUNTOS! Nuestros Servicios Nuestros servicios est\u00e1n dise\u00f1ados para repensar tu negocio incorporando la mirada de la sostenibilidad y el triple impacto. TRABAJAMOS EN RED Partners estrat\u00e9gicos Trabajamos &hellip; Leer m\u00e1s \u00abHome\u00bb\" \/>\n<meta property=\"og:url\" content=\"https:\/\/repensando.cl\/\" \/>\n<meta property=\"og:site_name\" content=\"Repensando\" \/>\n<meta property=\"article:modified_time\" content=\"2024-01-09T15:21:29+00:00\" \/>\n<meta property=\"og:image\" content=\"https:\/\/repensando.cl\/wp-content\/uploads\/2024\/01\/Repensando-8.png\" \/>\n\t<meta property=\"og:image:width\" content=\"1480\" \/>\n\t<meta property=\"og:image:height\" content=\"1480\" \/>\n\t<meta property=\"og:image:type\" content=\"image\/png\" \/>\n<meta name=\"twitter:card\" content=\"summary_large_image\" \/>\n<meta name=\"twitter:label1\" content=\"Tiempo de lectura\" \/>\n\t<meta name=\"twitter:data1\" content=\"3 minutos\" \/>\n<script type=\"application\/ld+json\" class=\"yoast-schema-graph\">{\"@context\":\"https:\/\/schema.org\",\"@graph\":[{\"@type\":\"WebPage\",\"@id\":\"https:\/\/repensando.cl\/\",\"url\":\"https:\/\/repensando.cl\/\",\"name\":\"Home - Repensando\",\"isPartOf\":{\"@id\":\"https:\/\/repensando.cl\/#website\"},\"primaryImageOfPage\":{\"@id\":\"https:\/\/repensando.cl\/#primaryimage\"},\"image\":{\"@id\":\"https:\/\/repensando.cl\/#primaryimage\"},\"thumbnailUrl\":\"https:\/\/repensando.cl\/wp-content\/uploads\/2024\/01\/ES.jpg\",\"datePublished\":\"2024-01-09T01:28:53+00:00\",\"dateModified\":\"2024-01-09T15:21:29+00:00\",\"breadcrumb\":{\"@id\":\"https:\/\/repensando.cl\/#breadcrumb\"},\"inLanguage\":\"es\",\"potentialAction\":[{\"@type\":\"ReadAction\",\"target\":[\"https:\/\/repensando.cl\/\"]}]},{\"@type\":\"ImageObject\",\"inLanguage\":\"es\",\"@id\":\"https:\/\/repensando.cl\/#primaryimage\",\"url\":\"https:\/\/repensando.cl\/wp-content\/uploads\/2024\/01\/ES.jpg\",\"contentUrl\":\"https:\/\/repensando.cl\/wp-content\/uploads\/2024\/01\/ES.jpg\",\"width\":1200,\"height\":630},{\"@type\":\"BreadcrumbList\",\"@id\":\"https:\/\/repensando.cl\/#breadcrumb\",\"itemListElement\":[{\"@type\":\"ListItem\",\"position\":1,\"name\":\"Portada\",\"item\":\"https:\/\/repensando.cl\/\"},{\"@type\":\"ListItem\",\"position\":2,\"name\":\"Home\"}]},{\"@type\":\"WebSite\",\"@id\":\"https:\/\/repensando.cl\/#website\",\"url\":\"https:\/\/repensando.cl\/\",\"name\":\"Repensando\",\"description\":\"\",\"publisher\":{\"@id\":\"https:\/\/repensando.cl\/#organization\"},\"potentialAction\":[{\"@type\":\"SearchAction\",\"target\":{\"@type\":\"EntryPoint\",\"urlTemplate\":\"https:\/\/repensando.cl\/?s={search_term_string}\"},\"query-input\":{\"@type\":\"PropertyValueSpecification\",\"valueRequired\":true,\"valueName\":\"search_term_string\"}}],\"inLanguage\":\"es\"},{\"@type\":\"Organization\",\"@id\":\"https:\/\/repensando.cl\/#organization\",\"name\":\"Repensando\",\"url\":\"https:\/\/repensando.cl\/\",\"logo\":{\"@type\":\"ImageObject\",\"inLanguage\":\"es\",\"@id\":\"https:\/\/repensando.cl\/#\/schema\/logo\/image\/\",\"url\":\"https:\/\/repensando.cl\/wp-content\/uploads\/2024\/01\/cropped-Repensando-8.png\",\"contentUrl\":\"https:\/\/repensando.cl\/wp-content\/uploads\/2024\/01\/cropped-Repensando-8.png\",\"width\":1480,\"height\":1004,\"caption\":\"Repensando\"},\"image\":{\"@id\":\"https:\/\/repensando.cl\/#\/schema\/logo\/image\/\"}}]}<\/script>\n<!-- \/ Yoast SEO plugin. -->","yoast_head_json":{"title":"Home - Repensando","robots":{"index":"index","follow":"follow","max-snippet":"max-snippet:-1","max-image-preview":"max-image-preview:large","max-video-preview":"max-video-preview:-1"},"canonical":"https:\/\/repensando.cl\/","og_locale":"es_ES","og_type":"article","og_title":"Home - Repensando","og_description":"CONSULTOR\u00cdA ESTRAT\u00c9GICA PARA UN DESARROLLO SOSTENIBLE Somos un grupo de asesores con vasta experiencia en Estrategia, Econom\u00eda Circular, Sustentabilidad, Comunicaci\u00f3n Estrat\u00e9gica, Ley REP y Sistemas de Gesti\u00f3n. TRABAJEMOS JUNTOS! Nuestros Servicios Nuestros servicios est\u00e1n dise\u00f1ados para repensar tu negocio incorporando la mirada de la sostenibilidad y el triple impacto. TRABAJAMOS EN RED Partners estrat\u00e9gicos Trabajamos &hellip; Leer m\u00e1s \u00abHome\u00bb","og_url":"https:\/\/repensando.cl\/","og_site_name":"Repensando","article_modified_time":"2024-01-09T15:21:29+00:00","og_image":[{"width":1480,"height":1480,"url":"https:\/\/repensando.cl\/wp-content\/uploads\/2024\/01\/Repensando-8.png","type":"image\/png"}],"twitter_card":"summary_large_image","twitter_misc":{"Tiempo de lectura":"3 minutos"},"schema":{"@context":"https:\/\/schema.org","@graph":[{"@type":"WebPage","@id":"https:\/\/repensando.cl\/","url":"https:\/\/repensando.cl\/","name":"Home - Repensando","isPartOf":{"@id":"https:\/\/repensando.cl\/#website"},"primaryImageOfPage":{"@id":"https:\/\/repensando.cl\/#primaryimage"},"image":{"@id":"https:\/\/repensando.cl\/#primaryimage"},"thumbnailUrl":"https:\/\/repensando.cl\/wp-content\/uploads\/2024\/01\/ES.jpg","datePublished":"2024-01-09T01:28:53+00:00","dateModified":"2024-01-09T15:21:29+00:00","breadcrumb":{"@id":"https:\/\/repensando.cl\/#breadcrumb"},"inLanguage":"es","potentialAction":[{"@type":"ReadAction","target":["https:\/\/repensando.cl\/"]}]},{"@type":"ImageObject","inLanguage":"es","@id":"https:\/\/repensando.cl\/#primaryimage","url":"https:\/\/repensando.cl\/wp-content\/uploads\/2024\/01\/ES.jpg","contentUrl":"https:\/\/repensando.cl\/wp-content\/uploads\/2024\/01\/ES.jpg","width":1200,"height":630},{"@type":"BreadcrumbList","@id":"https:\/\/repensando.cl\/#breadcrumb","itemListElement":[{"@type":"ListItem","position":1,"name":"Portada","item":"https:\/\/repensando.cl\/"},{"@type":"ListItem","position":2,"name":"Home"}]},{"@type":"WebSite","@id":"https:\/\/repensando.cl\/#website","url":"https:\/\/repensando.cl\/","name":"Repensando","description":"","publisher":{"@id":"https:\/\/repensando.cl\/#organization"},"potentialAction":[{"@type":"SearchAction","target":{"@type":"EntryPoint","urlTemplate":"https:\/\/repensando.cl\/?s={search_term_string}"},"query-input":{"@type":"PropertyValueSpecification","valueRequired":true,"valueName":"search_term_string"}}],"inLanguage":"es"},{"@type":"Organization","@id":"https:\/\/repensando.cl\/#organization","name":"Repensando","url":"https:\/\/repensando.cl\/","logo":{"@type":"ImageObject","inLanguage":"es","@id":"https:\/\/repensando.cl\/#\/schema\/logo\/image\/","url":"https:\/\/repensando.cl\/wp-content\/uploads\/2024\/01\/cropped-Repensando-8.png","contentUrl":"https:\/\/repensando.cl\/wp-content\/uploads\/2024\/01\/cropped-Repensando-8.png","width":1480,"height":1004,"caption":"Repensando"},"image":{"@id":"https:\/\/repensando.cl\/#\/schema\/logo\/image\/"}}]}},"_links":{"self":[{"href":"https:\/\/repensando.cl\/index.php?rest_route=\/wp\/v2\/pages\/7","targetHints":{"allow":["GET"]}}],"collection":[{"href":"https:\/\/repensando.cl\/index.php?rest_route=\/wp\/v2\/pages"}],"about":[{"href":"https:\/\/repensando.cl\/index.php?rest_route=\/wp\/v2\/types\/page"}],"author":[{"embeddable":true,"href":"https:\/\/repensando.cl\/index.php?rest_route=\/wp\/v2\/users\/1"}],"replies":[{"embeddable":true,"href":"https:\/\/repensando.cl\/index.php?rest_route=%2Fwp%2Fv2%2Fcomments&post=7"}],"version-history":[{"count":18,"href":"https:\/\/repensando.cl\/index.php?rest_route=\/wp\/v2\/pages\/7\/revisions"}],"predecessor-version":[{"id":63,"href":"https:\/\/repensando.cl\/index.php?rest_route=\/wp\/v2\/pages\/7\/revisions\/63"}],"wp:attachment":[{"href":"https:\/\/repensando.cl\/index.php?rest_route=%2Fwp%2Fv2%2Fmedia&parent=7"}],"curies":[{"name":"wp","href":"https:\/\/api.w.org\/{rel}","templated":true}]}}